{"id":270,"date":"2025-07-24T10:50:52","date_gmt":"2025-07-24T08:50:52","guid":{"rendered":"https:\/\/agudes.com\/?post_type=product&#038;p=270"},"modified":"2025-07-24T10:50:52","modified_gmt":"2025-07-24T08:50:52","slug":"cura-de-ante","status":"publish","type":"product","link":"https:\/\/agudes.com\/es\/product\/cura-de-ante\/","title":{"rendered":"Cura de ante"},"content":{"rendered":"","protected":false},"excerpt":{"rendered":"<p>L&#8217;ante o Nubuc \u00e9s un material molt elegant, per\u00f2 que sovint dona problemas. Aquest \u00e9s un petit recull pensat per aquelles persones que els agrada lluir cal\u00e7ats d\u2019ante o pell girada. Aquest kit et permetr\u00e0 mantener, cuidar i renovar el teu cal\u00e7at.<\/p>\n<ul>\n<li>Renovador (Escollir color)<\/li>\n<li>Protector<\/li>\n<li>Goma<\/li>\n<li>Raspall<\/li>\n<\/ul>","protected":false},"featured_media":271,"comment_status":"open","ping_status":"closed","template":"","meta":[],"product_brand":[],"product_cat":[16],"product_tag":[],"class_list":{"0":"post-270","1":"product","2":"type-product","3":"status-publish","4":"has-post-thumbnail","6":"product_cat-kits","8":"first","9":"instock","10":"shipping-taxable","11":"purchasable","12":"product-type-simple"},"_links":{"self":[{"href":"https:\/\/agudes.com\/es\/wp-json\/wp\/v2\/product\/270","targetHints":{"allow":["GET"]}}],"collection":[{"href":"https:\/\/agudes.com\/es\/wp-json\/wp\/v2\/product"}],"about":[{"href":"https:\/\/agudes.com\/es\/wp-json\/wp\/v2\/types\/product"}],"replies":[{"embeddable":true,"href":"https:\/\/agudes.com\/es\/wp-json\/wp\/v2\/comments?post=270"}],"wp:featuredmedia":[{"embeddable":true,"href":"https:\/\/agudes.com\/es\/wp-json\/wp\/v2\/media\/271"}],"wp:attachment":[{"href":"https:\/\/agudes.com\/es\/wp-json\/wp\/v2\/media?parent=270"}],"wp:term":[{"taxonomy":"product_brand","embeddable":true,"href":"https:\/\/agudes.com\/es\/wp-json\/wp\/v2\/product_brand?post=270"},{"taxonomy":"product_cat","embeddable":true,"href":"https:\/\/agudes.com\/es\/wp-json\/wp\/v2\/product_cat?post=270"},{"taxonomy":"product_tag","embeddable":true,"href":"https:\/\/agudes.com\/es\/wp-json\/wp\/v2\/product_tag?post=270"}],"curies":[{"name":"wp","href":"https:\/\/api.w.org\/{rel}","templated":true}]}}