{"id":92,"date":"2025-02-25T11:10:37","date_gmt":"2025-02-25T10:10:37","guid":{"rendered":"http:\/\/agudes.totmediamobile.com\/?page_id=92"},"modified":"2025-10-14T16:19:27","modified_gmt":"2025-10-14T14:19:27","slug":"politica-de-cookies","status":"publish","type":"page","link":"https:\/\/agudes.com\/es\/politica-de-cookies\/","title":{"rendered":"Pol\u00edtica de Cookies"},"content":{"rendered":"<p>Actualitzaci\u00f3 conforme a la Llei Org\u00e0nica 3\/2018 (LOPD-GDD) i el Reglament Europeu (RGPD)<\/p><p>Aquesta Pol\u00edtica de Cookies explica qu\u00e8 s\u00f3n les cookies, com s\u00f3n utilitzades al lloc web <a href=\"https:\/\/agudes.com\/es\/\">www.agudes.com<\/a> i com pots gestionar-les d\u2019acord amb la normativa vigent.<\/p><p>Qu\u00e8 s\u00f3n les cookies? Les cookies s\u00f3n petits arxius de text que es descarreguen al dispositiu de l\u2019usuari quan visita una p\u00e0gina web. Serveixen per emmagatzemar i recuperar informaci\u00f3 sobre els h\u00e0bits de navegaci\u00f3 d\u2019un usuari o del seu dispositiu i, segons la informaci\u00f3 que continguin i la manera en qu\u00e8 utilitzi el dispositiu, poden utilitzar-se per recon\u00e8ixer l\u2019usuari.<\/p><p>Tipus de cookies utilitzades El lloc web <a href=\"https:\/\/agudes.com\/es\/\">www.agudes.com<\/a> utilitza els seg\u00fcent tipus de cookies:<\/p><p>Cookies t\u00e8cniques: S\u00f3n necess\u00e0ries per al funcionament correcte del lloc web i per habilitar funcionalitats com l\u2019acc\u00e9s a \u00e0rees segures o l\u2019execuci\u00f3 de processos de compra. Cookies de personalitzaci\u00f3: Permeten recordar les prefer\u00e8ncies de l\u2019usuari, com ara l\u2019idioma o la configuraci\u00f3 regional. Cookies d\u2019an\u00e0lisi: Recullen informaci\u00f3 an\u00f2nima sobre els h\u00e0bits de navegaci\u00f3 dels usuaris amb l\u2019objectiu de mesurar i analitzar l\u2019\u00fas del lloc web. Cookies publicit\u00e0ries: S\u2019utilitzen per gestionar de manera eficient els espais publicitaris del lloc web, adaptant el contingut de la publicitat als interessos dels usuaris. Cookies de publicitat comportamental: Emmagatzemen informaci\u00f3 del comportament dels usuaris obtinguda a trav\u00e9s de l\u2019observaci\u00f3 continuada dels seus h\u00e0bits de navegaci\u00f3, cosa que permet desenvolupar un perfil espec\u00edfic per mostrar publicitat personalitzada.<\/p><p>Gest\u00ed i configuraci\u00f3 de cookies En accedir al lloc web per primera vegada, es mostrar\u00e0 un banner que informa sobre l\u2019\u00fas de cookies i ofereix la possibilitat d\u2019acceptar-les, rebutjar-les o configurar-les segons les prefer\u00e8ncies de l\u2019usuari.<\/p><p>L\u2019usuari pot canviar en qualsevol moment la configuraci\u00f3 de les cookies a trav\u00e9s del panell de configuraci\u00f3 o ajustant les opcions del navegador. Els passos per gestionar les cookies poden variar segons el navegador utilitzat:<\/p><p>Google Chrome: Configuraci\u00f3 &gt; Privacitat i seguretat &gt; Cookies i altres dades de llocs. Mozilla Firefox: Opcions &gt; Privacitat i seguretat &gt; Cookies i dades del lloc. Safari: Prefer\u00e8ncies &gt; Privacitat &gt; Gestionar dades del lloc web. Microsoft Edge: Configuraci\u00f3 &gt; Cookies i permisos del lloc.<\/p><p>Conseq\u00fc\u00e8ncies de deshabilitar les cookies En deshabilitar algunes cookies, el lloc web pot no funcionar correctament i algunes funcionalitats podrien estar limitades. Per exemple, pot ser que no es recordin les prefer\u00e8ncies de l\u2019usuari o que no sigui possible completar processos de compra.<\/p><p>Cookies de tercers Aquest lloc web pot utilitzar serveis de tercers que emmagatzemen cookies al dispositiu de l\u2019usuari. Per exemple:<\/p><p>Google Analytics: Per analitzar l\u2019\u00fas i mesurar el rendiment del lloc web. Facebook Pixel: Per oferir publicitat personalitzada a les xarxes socials.<\/p><p>Aquestes cookies estan gestionades per tercers i Sergi Monrab\u00e0 Net no t\u00e9 control directe sobre aquestes cookies. Per a m\u00e9s informaci\u00f3, recomanem consultar les pol\u00edtiques de cookies dels prove\u00efdors corresponents.<\/p><p>Actualitzacions de la Pol\u00edtica de Cookies Sergi Monrab\u00e0 Net  pot actualitzar aquesta Pol\u00edtica de Cookies en funci\u00f3 de requisits legals o per adaptar-la a millores t\u00e8cniques o canvis en els serveis oferts. Qualsevol modificaci\u00f3 ser\u00e0 publicada al lloc web perqu\u00e8 els usuaris estiguin informats.<\/p><p>Per a qualsevol consulta o dubte sobre l\u2019\u00fas de cookies, podeu contactar-nos a:<\/p><p>Correu electr\u00f2nic: <a href=\"mailto:info@agudes.com\">info@agudes.com<\/a> Tel\u00e8fon: 651 44 72 82<\/p><p>Data d\u2019actualitzaci\u00f3: Gener de 2025.<\/p>","protected":false},"excerpt":{"rendered":"<p>Actualitzaci\u00f3 conforme a la Llei Org\u00e0nica 3\/2018 (LOPD-GDD) i el Reglament Europeu (RGPD) Aquesta Pol\u00edtica de Cookies explica qu\u00e8 s\u00f3n les cookies, com s\u00f3n utilitzades al lloc web www.agudes.com i com pots gestionar-les d\u2019acord amb la normativa vigent. Qu\u00e8 s\u00f3n les cookies? Les cookies s\u00f3n petits arxius de text que es descarreguen al dispositiu de [&hellip;]<\/p>","protected":false},"author":1,"featured_media":0,"parent":0,"menu_order":0,"comment_status":"closed","ping_status":"closed","template":"","meta":{"footnotes":""},"class_list":["post-92","page","type-page","status-publish","hentry"],"_links":{"self":[{"href":"https:\/\/agudes.com\/es\/wp-json\/wp\/v2\/pages\/92","targetHints":{"allow":["GET"]}}],"collection":[{"href":"https:\/\/agudes.com\/es\/wp-json\/wp\/v2\/pages"}],"about":[{"href":"https:\/\/agudes.com\/es\/wp-json\/wp\/v2\/types\/page"}],"author":[{"embeddable":true,"href":"https:\/\/agudes.com\/es\/wp-json\/wp\/v2\/users\/1"}],"replies":[{"embeddable":true,"href":"https:\/\/agudes.com\/es\/wp-json\/wp\/v2\/comments?post=92"}],"version-history":[{"count":2,"href":"https:\/\/agudes.com\/es\/wp-json\/wp\/v2\/pages\/92\/revisions"}],"predecessor-version":[{"id":317,"href":"https:\/\/agudes.com\/es\/wp-json\/wp\/v2\/pages\/92\/revisions\/317"}],"wp:attachment":[{"href":"https:\/\/agudes.com\/es\/wp-json\/wp\/v2\/media?parent=92"}],"curies":[{"name":"wp","href":"https:\/\/api.w.org\/{rel}","templated":true}]}}