{"id":71,"date":"2020-11-28T07:14:31","date_gmt":"2020-11-28T06:14:31","guid":{"rendered":"http:\/\/agudes.totmediamobile.com\/about\/"},"modified":"2025-07-31T12:19:36","modified_gmt":"2025-07-31T10:19:36","slug":"about","status":"publish","type":"page","link":"https:\/\/agudes.com\/es\/about\/","title":{"rendered":"Agudes"},"content":{"rendered":"<div data-elementor-type=\"wp-page\" data-elementor-id=\"71\" class=\"elementor elementor-71\">\n\t\t\t\t<div class=\"elementor-element elementor-element-ab631a6 e-flex e-con-boxed e-con e-parent\" data-id=\"ab631a6\" data-element_type=\"container\">\n\t\t\t\t\t<div class=\"e-con-inner\">\n\t\t<div class=\"elementor-element elementor-element-0d4300b e-con-full e-flex e-con e-child\" data-id=\"0d4300b\" data-element_type=\"container\">\n\t\t\t\t<div class=\"elementor-element elementor-element-d4ca28e aux-appear-watch-animation aux-slide-from-top elementor-widget elementor-widget-aux_simple_svg\" data-id=\"d4ca28e\" data-element_type=\"widget\" data-widget_type=\"aux_simple_svg.default\">\n\t\t\t\t<div class=\"elementor-widget-container\">\n\t\t\t\t\t    <div class=\"aux-widget-container aux-simple-svg-container\">\n        <div class=\"aux-widget-container-inner\">\n            <div class=\"aux-the-svg\"><svg xmlns=\"http:\/\/www.w3.org\/2000\/svg\" width=\"41.51\" height=\"50.724\" viewbox=\"0 0 51.51 50.724\"><g transform=\"translate(0.75 0.75)\"><g transform=\"translate(0 0)\"><path d=\"M254.275,221.756c5.81.01,12.093-.644,16.672-5.159,6.991-6.9-.244-10.743-.332-14.226-.131-5.224.376-11.488-4.071-14.477-2.775-1.867-7.528-1.725-12.27-1.638h-.015c-4.742-.086-9.495-.228-12.27,1.638-4.447,2.99-3.94,9.253-4.071,14.477-.087,3.483-7.323,7.331-.332,14.226,4.579,4.516,10.862,5.169,16.672,5.159Z\" transform=\"translate(-229.253 -182.1)\" fill=\"#fa8c16\" \/><g transform=\"translate(7.398 40.518)\"><path d=\"M244.51,277.818l-2.1,8.707h2.1l4.786-7.231Z\" transform=\"translate(-242.413 -277.818)\" fill=\"none\" stroke=\"#000\" stroke-width=\"1.5\" \/><path d=\"M316.59,277.818l2.1,8.707h-2.1l-4.786-7.231Z\" transform=\"translate(-283.472 -277.818)\" fill=\"none\" stroke=\"#000\" stroke-width=\"1.5\" \/><\/g><path d=\"M275.484,197.642c-1.172-10.772-2.547-19.059-11.2-19.059H244.023c-8.652,0-10.027,8.288-11.2,19.059\" transform=\"translate(-229.341 -178.583)\" fill=\"none\" stroke=\"#000\" stroke-width=\"1.5\" \/><path d=\"M273.92,233.987H263.336a1.962,1.962,0,0,0-1.962,1.962v2.627a5.7,5.7,0,0,1-5.7,5.7H242.931a5.7,5.7,0,0,1-5.7-5.7v-2.627a1.962,1.962,0,0,0-1.962-1.962H224.681a.386.386,0,0,0-.386.386\" transform=\"translate(-224.295 -211.366)\" fill=\"none\" stroke=\"#000\" stroke-width=\"1.5\" \/><path d=\"M224.295,234.373h0a19.944,19.944,0,0,0,19.944,19.944h10.122a19.944,19.944,0,0,0,19.944-19.944h0a.386.386,0,0,0-.386-.386\" transform=\"translate(-224.295 -211.366)\" fill=\"none\" stroke=\"#000\" stroke-width=\"1.5\" \/><\/g><\/g><\/svg><\/div>\n        <\/div>\n    <\/div>\n    \t\t\t\t<\/div>\n\t\t\t\t<\/div>\n\t\t\t\t<div class=\"elementor-element elementor-element-8ae330a aux-appear-watch-animation aux-fade-in-up elementor-widget elementor-widget-aux_modern_heading\" data-id=\"8ae330a\" data-element_type=\"widget\" data-widget_type=\"aux_modern_heading.default\">\n\t\t\t\t<div class=\"elementor-widget-container\">\n\t\t\t\t\t<section class=\"aux-widget-modern-heading\">\n            <div class=\"aux-widget-inner\"><h5 class=\"aux-modern-heading-primary\">\ud83d\udc5e Cuidant els teus passos des de 1889<\/h5><h4 class=\"aux-modern-heading-secondary\"><span class=\"aux-head-before\">AGUDES<\/span><\/h4><\/div>\n        <\/section>\t\t\t\t<\/div>\n\t\t\t\t<\/div>\n\t\t\t\t<div class=\"elementor-element elementor-element-49c3420 aux-appear-watch-animation aux-fade-in-up elementor-widget elementor-widget-aux_image\" data-id=\"49c3420\" data-element_type=\"widget\" data-widget_type=\"aux_image.default\">\n\t\t\t\t<div class=\"elementor-widget-container\">\n\t\t\t\t\t<section class=\"widget-container aux-widget-image aux-alignnone aux-parent-au17fe2b2c\">\n    <div class=\"aux-media-hint-frame\">\n        <div class=\"aux-media-image\" >\n        \n            \n\n            \n            <img decoding=\"async\" src=\"https:\/\/agudes.com\/wp-content\/uploads\/2025\/03\/qui.jpg\" alt=\"qui\" \/>            \n                <\/div>\n    <\/div>\n\n<\/section><!-- widget-container -->\t\t\t\t<\/div>\n\t\t\t\t<\/div>\n\t\t\t\t<\/div>\n\t\t\t\t\t<\/div>\n\t\t\t\t<\/div>\n\t\t<div class=\"elementor-element elementor-element-ef12c4c e-flex e-con-boxed e-con e-parent\" data-id=\"ef12c4c\" data-element_type=\"container\">\n\t\t\t\t\t<div class=\"e-con-inner\">\n\t\t<div class=\"elementor-element elementor-element-6529d7b e-con-full e-flex e-con e-child\" data-id=\"6529d7b\" data-element_type=\"container\">\n\t\t\t\t<div class=\"elementor-element elementor-element-5c5913a aux-appear-watch-animation aux-slide-from-bot elementor-widget__width-initial elementor-widget elementor-widget-heading\" data-id=\"5c5913a\" data-element_type=\"widget\" data-widget_type=\"heading.default\">\n\t\t\t\t<div class=\"elementor-widget-container\">\n\t\t\t\t\t<h3 class=\"elementor-heading-title elementor-size-default\">Kit's artesanals <\/h3>\t\t\t\t<\/div>\n\t\t\t\t<\/div>\n\t\t\t\t<\/div>\n\t\t<div class=\"elementor-element elementor-element-47b024f e-con-full e-flex e-con e-child\" data-id=\"47b024f\" data-element_type=\"container\">\n\t\t\t\t<div class=\"elementor-element elementor-element-46176ab aux-appear-watch-animation aux-fade-in elementor-widget__width-initial elementor-widget elementor-widget-text-editor\" data-id=\"46176ab\" data-element_type=\"widget\" data-widget_type=\"text-editor.default\">\n\t\t\t\t<div class=\"elementor-widget-container\">\n\t\t\t\t\t\t\t\t\t<p><strong>Aqu\u00ed et presentem una idea innovadora.<\/strong> Com artesans que som, volem donar la oportunitat als nostres clients d&#8217;aprendre amb la practica oferint kits d\u2019autofabricaci\u00f3 de diferents productes artesanals.\u00a0<\/p><p><strong>Nosaltres vivim l\u2019artesania com una ter\u00e0pia; relaxant, conscient,<\/strong> manual que ens aterra al present. Al igual que l\u2019art, l\u2019artesania ens ajuda a expressar-nos mentre gaudim del plaer conscient de treballar amb les pr\u00f2pies mans amb un fi concret i \u00fatil.\u00a0\u00a0<\/p><p><strong>Cada producte ha estat elaborat i\/o seleccionat per nosaltres mateixos<\/strong>, amb materials de qualitat i duradors. Com a artesans, comptem amb una dilatada experi\u00e8ncia en el sector i han passat per les nostres mans desenes de milers de sabates de tota mena i malauradament gran part d\u2019aquestes estan produ\u00efdes seguint una l\u00f2gica de consum r\u00e0pid.\u00a0<\/p>\t\t\t\t\t\t\t\t<\/div>\n\t\t\t\t<\/div>\n\t\t\t\t<\/div>\n\t\t<div class=\"elementor-element elementor-element-433e2e8 e-con-full e-flex e-con e-child\" data-id=\"433e2e8\" data-element_type=\"container\">\n\t\t\t\t<div class=\"elementor-element elementor-element-e32f1dc aux-appear-watch-animation aux-fade-in elementor-widget elementor-widget-text-editor\" data-id=\"e32f1dc\" data-element_type=\"widget\" data-widget_type=\"text-editor.default\">\n\t\t\t\t<div class=\"elementor-widget-container\">\n\t\t\t\t\t\t\t\t\t<p>Materials que caduquen i en la seva gran majoria pl\u00e0stics i\/o derivats. Davant d\u2019aquesta l\u00f2gica,<strong> nosaltres oferim productes de qualitat i lliures d\u2019obsolesc\u00e8ncia programada,<\/strong> junt amb el coneixement dels materials i d\u2019elaboraci\u00f3 no nom\u00e9s per gaudir de l\u2019experi\u00e8ncia, sin\u00f3 per esdevenir consumidors m\u00e9s lliures i conscients.\u00a0<\/p><p>L\u2019artesania i els oficis com el de sabater mica en mica han anat minvant en el nostre pa\u00eds i no pas per que hagi desaparegut la necessitat de reparar, sin\u00f3 perqu\u00e8 han canviat els costums. Sovint preferim comprar barat i llen\u00e7ar al poc temps, que comprar un producte de qualitat i mantenir-lo. Nosaltres som partidaris d\u2019optar per la qualitat en els productes i \u00e9s per aix\u00f2 que volem aportar el nostre granet de sorra en la redignificaci\u00f3 dels oficis tradicionals i en el nostre cas el de sabater.\u00a0\u00a0\u00a0<\/p>\t\t\t\t\t\t\t\t<\/div>\n\t\t\t\t<\/div>\n\t\t\t\t<\/div>\n\t\t\t\t\t<\/div>\n\t\t\t\t<\/div>\n\t\t<div class=\"elementor-element elementor-element-3f0bc42 e-flex e-con-boxed e-con e-parent\" data-id=\"3f0bc42\" data-element_type=\"container\">\n\t\t\t\t\t<div class=\"e-con-inner\">\n\t\t\t\t<div class=\"elementor-element elementor-element-a481e86 elementor-widget elementor-widget-image\" data-id=\"a481e86\" data-element_type=\"widget\" data-widget_type=\"image.default\">\n\t\t\t\t<div class=\"elementor-widget-container\">\n\t\t\t\t\t\t\t\t\t\t\t\t\t\t\t<img fetchpriority=\"high\" decoding=\"async\" width=\"1024\" height=\"174\" src=\"https:\/\/agudes.com\/wp-content\/uploads\/2025\/04\/Captura-de-pantalla-2025-04-04-a-las-12.01.09-1024x174.png\" class=\"attachment-large size-large wp-image-216\" alt=\"\" srcset=\"https:\/\/agudes.com\/wp-content\/uploads\/2025\/04\/Captura-de-pantalla-2025-04-04-a-las-12.01.09-1024x174.png 1024w, https:\/\/agudes.com\/wp-content\/uploads\/2025\/04\/Captura-de-pantalla-2025-04-04-a-las-12.01.09-18x3.png 18w\" sizes=\"(max-width: 1024px) 100vw, 1024px\" \/>\t\t\t\t\t\t\t\t\t\t\t\t\t\t\t<\/div>\n\t\t\t\t<\/div>\n\t\t\t\t\t<\/div>\n\t\t\t\t<\/div>\n\t\t<div class=\"elementor-element elementor-element-4c49728 e-flex e-con-boxed e-con e-parent\" data-id=\"4c49728\" data-element_type=\"container\">\n\t\t\t\t\t<div class=\"e-con-inner\">\n\t\t<div class=\"elementor-element elementor-element-b81d6f9 e-con-full e-flex e-con e-child\" data-id=\"b81d6f9\" data-element_type=\"container\">\n\t\t\t\t<div class=\"elementor-element elementor-element-10b373c aux-appear-watch-animation aux-slide-from-bot elementor-widget__width-initial elementor-widget elementor-widget-heading\" data-id=\"10b373c\" data-element_type=\"widget\" data-widget_type=\"heading.default\">\n\t\t\t\t<div class=\"elementor-widget-container\">\n\t\t\t\t\t<h3 class=\"elementor-heading-title elementor-size-default\">Or\u00edgens <\/h3>\t\t\t\t<\/div>\n\t\t\t\t<\/div>\n\t\t\t\t<\/div>\n\t\t<div class=\"elementor-element elementor-element-5870dfe e-con-full e-flex e-con e-child\" data-id=\"5870dfe\" data-element_type=\"container\">\n\t\t\t\t<div class=\"elementor-element elementor-element-f605877 aux-appear-watch-animation aux-fade-in elementor-widget__width-initial elementor-widget elementor-widget-text-editor\" data-id=\"f605877\" data-element_type=\"widget\" data-widget_type=\"text-editor.default\">\n\t\t\t\t<div class=\"elementor-widget-container\">\n\t\t\t\t\t\t\t\t\t<p>L\u2019any 1889 Esteve Monrab\u00e0 anava per les cases de pag\u00e8s d\u2019arreu del Montseny fabricant espardenyes de veta a mida per tot aquell que necessites cal\u00e7at. De manera humil, per\u00f2 decidida va assentar les bases d\u2019un ofici que mica en mica aniria perfeccionant.\u00a0\u00a0<\/p><p><strong>Les generacions posteriors, de maneres diferents, van seguir el llegat del besavi dedicant-se al cal\u00e7at,<\/strong> van passar de l\u2019elaboraci\u00f3 a la comercialitzaci\u00f3 i a la reparaci\u00f3. Ara despr\u00e9s d\u2019haver celebrat els 150 anys hem decidit introduir un producte innovador que t\u00e9 com a guia seguir la tradici\u00f3 familiar.<\/p>\t\t\t\t\t\t\t\t<\/div>\n\t\t\t\t<\/div>\n\t\t\t\t<\/div>\n\t\t<div class=\"elementor-element elementor-element-14f5817 e-con-full e-flex e-con e-child\" data-id=\"14f5817\" data-element_type=\"container\">\n\t\t\t\t<div class=\"elementor-element elementor-element-18165bf aux-appear-watch-animation aux-fade-in elementor-widget elementor-widget-text-editor\" data-id=\"18165bf\" data-element_type=\"widget\" data-widget_type=\"text-editor.default\">\n\t\t\t\t<div class=\"elementor-widget-container\">\n\t\t\t\t\t\t\t\t\t<p><strong>Els kits \u201cAgudes\u201d d\u2019auto fabricaci\u00f3 s\u00f3n una nova manera d\u2019entendre, no nom\u00e9s el cal\u00e7at, sin\u00f3 el consum en general.<\/strong> Seguim cuidant les teves passes, per\u00f2 ara oferint-te la possibilitat a tu tamb\u00e9 de gaudir de l\u2019artesania mentre aprens de manera l\u00fadica.\u00a0<\/p><p>El nom \u201cAgudes\u201d representa la nostra ess\u00e8ncia i el nostre amor pel territori.\u00a0\u00a0<\/p>\t\t\t\t\t\t\t\t<\/div>\n\t\t\t\t<\/div>\n\t\t\t\t<\/div>\n\t\t\t\t\t<\/div>\n\t\t\t\t<\/div>\n\t\t<div class=\"elementor-element elementor-element-f93c1cc e-flex e-con-boxed e-con e-parent\" data-id=\"f93c1cc\" data-element_type=\"container\">\n\t\t\t\t\t<div class=\"e-con-inner\">\n\t\t\t\t<div class=\"elementor-element elementor-element-8c34015 elementor-widget elementor-widget-image\" data-id=\"8c34015\" data-element_type=\"widget\" data-widget_type=\"image.default\">\n\t\t\t\t<div class=\"elementor-widget-container\">\n\t\t\t\t\t\t\t\t\t\t\t\t\t\t\t<img decoding=\"async\" width=\"1024\" height=\"172\" src=\"https:\/\/agudes.com\/wp-content\/uploads\/2025\/04\/Captura-de-pantalla-2025-04-04-a-las-12.00.59-1024x172.png\" class=\"attachment-large size-large wp-image-217\" alt=\"\" srcset=\"https:\/\/agudes.com\/wp-content\/uploads\/2025\/04\/Captura-de-pantalla-2025-04-04-a-las-12.00.59-1024x172.png 1024w, https:\/\/agudes.com\/wp-content\/uploads\/2025\/04\/Captura-de-pantalla-2025-04-04-a-las-12.00.59-18x3.png 18w\" sizes=\"(max-width: 1024px) 100vw, 1024px\" \/>\t\t\t\t\t\t\t\t\t\t\t\t\t\t\t<\/div>\n\t\t\t\t<\/div>\n\t\t\t\t\t<\/div>\n\t\t\t\t<\/div>\n\t\t<div class=\"elementor-element elementor-element-60dadec e-flex e-con-boxed e-con e-parent\" data-id=\"60dadec\" data-element_type=\"container\">\n\t\t\t\t\t<div class=\"e-con-inner\">\n\t\t<div class=\"elementor-element elementor-element-82d7f7f e-con-full e-flex e-con e-child\" data-id=\"82d7f7f\" data-element_type=\"container\">\n\t\t\t\t<div class=\"elementor-element elementor-element-d8c4f27 aux-appear-watch-animation aux-slide-from-bot elementor-widget__width-initial elementor-widget elementor-widget-heading\" data-id=\"d8c4f27\" data-element_type=\"widget\" data-widget_type=\"heading.default\">\n\t\t\t\t<div class=\"elementor-widget-container\">\n\t\t\t\t\t<h3 class=\"elementor-heading-title elementor-size-default\">L\u2019equip <\/h3>\t\t\t\t<\/div>\n\t\t\t\t<\/div>\n\t\t\t\t<\/div>\n\t\t<div class=\"elementor-element elementor-element-605aae7 e-con-full e-flex e-con e-child\" data-id=\"605aae7\" data-element_type=\"container\">\n\t\t\t\t<div class=\"elementor-element elementor-element-e39decb aux-appear-watch-animation aux-fade-in elementor-widget__width-initial elementor-widget elementor-widget-text-editor\" data-id=\"e39decb\" data-element_type=\"widget\" data-widget_type=\"text-editor.default\">\n\t\t\t\t<div class=\"elementor-widget-container\">\n\t\t\t\t\t\t\t\t\t<p><strong>Aquest projecte est\u00e0 compost per dos socis i amics que han convertit del seu ofici una passi\u00f3.\u00a0\u00a0<\/strong><\/p><p>Sergi Monrab\u00e0, a la seva fam\u00edlia hi ha una llarga tradici\u00f3 lligada al cal\u00e7at.\u00a0<\/p>\t\t\t\t\t\t\t\t<\/div>\n\t\t\t\t<\/div>\n\t\t\t\t<\/div>\n\t\t<div class=\"elementor-element elementor-element-ec8cd2d e-con-full e-flex e-con e-child\" data-id=\"ec8cd2d\" data-element_type=\"container\">\n\t\t\t\t<div class=\"elementor-element elementor-element-3921a86 aux-appear-watch-animation aux-fade-in elementor-widget elementor-widget-text-editor\" data-id=\"3921a86\" data-element_type=\"widget\" data-widget_type=\"text-editor.default\">\n\t\t\t\t<div class=\"elementor-widget-container\">\n\t\t\t\t\t\t\t\t\t<p>Tant el seu pare com el seu avi es van dedicar a la comercialitzaci\u00f3 del cal\u00e7at i ell ha decidit decantar-se per una besant mes manual. Els darrers anys s\u2019ha dedicat a la reparaci\u00f3 de cal\u00e7at de tota mena.\u00a0\u00a0<\/p>\t\t\t\t\t\t\t\t<\/div>\n\t\t\t\t<\/div>\n\t\t\t\t<\/div>\n\t\t\t\t\t<\/div>\n\t\t\t\t<\/div>\n\t\t\t\t<\/div>","protected":false},"excerpt":{"rendered":"<p>\ud83d\udc5e Cuidant els teus passos des de 1889 AGUDES Kit&#8217;s artesanals Aqu\u00ed et presentem una idea innovadora. Com artesans que som, volem donar la oportunitat als nostres clients d&#8217;aprendre amb la practica oferint kits d\u2019autofabricaci\u00f3 de diferents productes artesanals.\u00a0 Nosaltres vivim l\u2019artesania com una ter\u00e0pia; relaxant, conscient, manual que ens aterra al present. Al igual [&hellip;]<\/p>","protected":false},"author":1,"featured_media":0,"parent":0,"menu_order":0,"comment_status":"closed","ping_status":"closed","template":"templates\/page-builder-content.php","meta":{"footnotes":""},"class_list":["post-71","page","type-page","status-publish","hentry"],"_links":{"self":[{"href":"https:\/\/agudes.com\/es\/wp-json\/wp\/v2\/pages\/71","targetHints":{"allow":["GET"]}}],"collection":[{"href":"https:\/\/agudes.com\/es\/wp-json\/wp\/v2\/pages"}],"about":[{"href":"https:\/\/agudes.com\/es\/wp-json\/wp\/v2\/types\/page"}],"author":[{"embeddable":true,"href":"https:\/\/agudes.com\/es\/wp-json\/wp\/v2\/users\/1"}],"replies":[{"embeddable":true,"href":"https:\/\/agudes.com\/es\/wp-json\/wp\/v2\/comments?post=71"}],"version-history":[{"count":11,"href":"https:\/\/agudes.com\/es\/wp-json\/wp\/v2\/pages\/71\/revisions"}],"predecessor-version":[{"id":301,"href":"https:\/\/agudes.com\/es\/wp-json\/wp\/v2\/pages\/71\/revisions\/301"}],"wp:attachment":[{"href":"https:\/\/agudes.com\/es\/wp-json\/wp\/v2\/media?parent=71"}],"curies":[{"name":"wp","href":"https:\/\/api.w.org\/{rel}","templated":true}]}}